{"id":471,"date":"2018-01-17T16:38:33","date_gmt":"2018-01-17T21:38:33","guid":{"rendered":"https:\/\/physiodynamik.com\/physiod-2017\/?page_id=471"},"modified":"2020-12-09T13:38:14","modified_gmt":"2020-12-09T18:38:14","slug":"the-clinic-2","status":"publish","type":"page","link":"https:\/\/physiodynamik.com\/en\/the-clinic-2\/","title":{"rendered":"The Clinic"},"content":{"rendered":"<!-- Final Tiles Grid Gallery for WordPress v3.3.40 premium --><style>#ftg-33 .tile .icon { color:#ffffff; }#ftg-33 .ftg-items .loading-bar i { background:#666; }#ftg-33 .ftg-items .loading-bar { background:#fff; }#ftg-33 .tile .icon { font-size:12px; }#ftg-33 .tile .icon { margin: -6px 0 0 -6px; }#ftg-33 .tile .caption-block .text-wrapper span.text { font-size:12px; }#ftg-33 .tile .caption-block .text-wrapper span.title { font-size:14px; }#ftg-33 .tile { background-color: transparent; }#ftg-33 .tile .caption-block .text-wrapper span.text { color: #ffffff; }#ftg-33 .tile .caption-block .text-wrapper span.title { color: #ffffff; }#ftg-33 .tile .ftg-social a { color: #ffffff; }#ftg-33 .tile .caption-block { transition-timing-function:linear; }#ftg-33 .tile .caption-block { transition-duration:0.25s; }#ftg-33 .tile .tile-inner:before { background-color: #000000; }#ftg-33 .tile .tile-inner:before { background-color: rgba(0, 0, 0, 0.8); }#ftg-33 .tile.ftg-preload { transform: scaleY(1) scaleX(1) translate(0px,0px) rotateX(0deg) rotateY(0deg); }#ftg-33 .tile.ftg-preload { transition: all ease-out 0.5s, opacity linear 0.5s; }#ftg-33 .tile img.item { transition-duration: 0.25s; }<\/style><a name='3'><\/a><div class='final-tiles-gallery  ftg-hover-enabled  caption-none caption-middle caption-center' id='ftg-33' style='width:100%'><div class='ftg-items'><div class='loading-bar'><i><\/i><\/div><div  class='tile ftg-preload  '><a title=\"Notre mission\" data-lightbox='clinique' rel='clinique'  class=' tile-inner  ftg-lightbox' href='https:\/\/physiodynamik.com\/wp-content\/uploads\/2017\/12\/PhysioD_mission-1.jpg' ><img alt='Notre mission' class='item' data-class='item' data-ftg-source='https:\/\/physiodynamik.com\/wp-content\/uploads\/2017\/12\/PhysioD_mission-1-300x610.jpg' src='https:\/\/physiodynamik.com\/wp-content\/uploads\/2017\/12\/PhysioD_mission-1-300x610.jpg' width='auto' height='auto' \/><div class='caption-block'><div class='text-wrapper'><span class='title'>Notre mission<\/span><span class='text'>Maximiser votre potentiel<\/span><\/div><\/div><\/a><div class='ftg-social'><\/div><\/div><div  class='tile ftg-preload  '><a title=\"clinique4\" data-lightbox='clinique' rel='clinique'  class=' tile-inner  ftg-lightbox' href='https:\/\/physiodynamik.com\/wp-content\/uploads\/2019\/02\/clinique4_nb.jpg' ><img alt='' class='item' data-class='item' data-ftg-source='https:\/\/physiodynamik.com\/wp-content\/uploads\/2019\/02\/clinique4_nb-1024x683.jpg' src='https:\/\/physiodynamik.com\/wp-content\/uploads\/2019\/02\/clinique4_nb-1024x683.jpg' width='640' height='427' \/><div class='caption-block'><div class='text-wrapper'><span class='title'>clinique4<\/span><\/div><\/div><\/a><div class='ftg-social'><\/div><\/div><div  class='tile ftg-preload  '><a title=\"Traitement\" data-lightbox='clinique' rel='clinique'  class=' tile-inner  ftg-lightbox' href='https:\/\/physiodynamik.com\/wp-content\/uploads\/2017\/12\/clinique9-1.jpg' ><img alt='Traitement' class='item' data-class='item' data-ftg-source='https:\/\/physiodynamik.com\/wp-content\/uploads\/2017\/12\/clinique9-1-300x300.jpg' src='https:\/\/physiodynamik.com\/wp-content\/uploads\/2017\/12\/clinique9-1-300x300.jpg' width='auto' height='auto' \/><div class='caption-block'><div class='text-wrapper'><span class='title'>Traitement<\/span><\/div><\/div><\/a><div class='ftg-social'><\/div><\/div><div  class='tile ftg-preload  '><a title=\"Conf\u00e9rence sur la course \u00e0 pied\" data-lightbox='clinique' rel='clinique'  class=' tile-inner  ftg-lightbox' href='https:\/\/physiodynamik.com\/wp-content\/uploads\/2017\/12\/conference_course1-1.jpg' ><img alt='Conf\u00e9rence sur la course \u00e0 pied' class='item' data-class='item' data-ftg-source='https:\/\/physiodynamik.com\/wp-content\/uploads\/2017\/12\/conference_course1-1-300x300.jpg' src='https:\/\/physiodynamik.com\/wp-content\/uploads\/2017\/12\/conference_course1-1-300x300.jpg' width='auto' height='auto' \/><div class='caption-block'><div class='text-wrapper'><span class='title'>Conf\u00e9rence sur la course \u00e0 pied<\/span><span class='text'>Conf\u00e9rence sur la course \u00e0 pied<\/span><\/div><\/div><\/a><div class='ftg-social'><\/div><\/div><div  class='tile ftg-preload  '><a title=\"Traitement\" data-lightbox='clinique' rel='clinique'  class=' tile-inner  ftg-lightbox' href='https:\/\/physiodynamik.com\/wp-content\/uploads\/2017\/12\/clinique7-1.jpg' ><img alt='Traitement' class='item' data-class='item' data-ftg-source='https:\/\/physiodynamik.com\/wp-content\/uploads\/2017\/12\/clinique7-1-300x300.jpg' src='https:\/\/physiodynamik.com\/wp-content\/uploads\/2017\/12\/clinique7-1-300x300.jpg' width='auto' height='auto' \/><div class='caption-block'><div class='text-wrapper'><span class='title'>Traitement<\/span><\/div><\/div><\/a><div class='ftg-social'><\/div><\/div><div  class='tile ftg-preload  '><a title=\"Physioth\u00e9rapie p\u00e9diatrique\" data-lightbox='clinique' rel='clinique'  class=' tile-inner  ftg-lightbox' href='https:\/\/physiodynamik.com\/wp-content\/uploads\/2017\/12\/clinique8-1.jpg' ><img alt='Physioth\u00e9rapie p\u00e9diatrique' class='item' data-class='item' data-ftg-source='https:\/\/physiodynamik.com\/wp-content\/uploads\/2017\/12\/clinique8-1-300x610.jpg' src='https:\/\/physiodynamik.com\/wp-content\/uploads\/2017\/12\/clinique8-1-300x610.jpg' width='auto' height='auto' \/><div class='caption-block'><div class='text-wrapper'><span class='title'>Physioth\u00e9rapie p\u00e9diatrique<\/span><span class='text'>Physioth\u00e9rapie p\u00e9diatrique<\/span><\/div><\/div><\/a><div class='ftg-social'><\/div><\/div><div  class='tile ftg-preload  '><a title=\"La clinique\" data-lightbox='clinique' rel='clinique'  class=' tile-inner  ftg-lightbox' href='https:\/\/physiodynamik.com\/wp-content\/uploads\/2017\/12\/clinique1-1.jpg' ><img alt='La clinique' class='item' data-class='item' data-ftg-source='https:\/\/physiodynamik.com\/wp-content\/uploads\/2017\/12\/clinique1-1-610x300.jpg' src='https:\/\/physiodynamik.com\/wp-content\/uploads\/2017\/12\/clinique1-1-610x300.jpg' width='auto' height='auto' \/><div class='caption-block'><div class='text-wrapper'><span class='title'>La clinique<\/span><span class='text'>\u00c7a bouge chez Physio Dynamik!<\/span><\/div><\/div><\/a><div class='ftg-social'><\/div><\/div><div  class='tile ftg-preload  '><a title=\"Formation\" data-lightbox='clinique' rel='clinique'  class=' tile-inner  ftg-lightbox' href='https:\/\/physiodynamik.com\/wp-content\/uploads\/2017\/12\/formation-coureur-1.jpg' ><img alt='Formation' class='item' data-class='item' data-ftg-source='https:\/\/physiodynamik.com\/wp-content\/uploads\/2017\/12\/formation-coureur-1-300x300.jpg' src='https:\/\/physiodynamik.com\/wp-content\/uploads\/2017\/12\/formation-coureur-1-300x300.jpg' width='auto' height='auto' \/><div class='caption-block'><div class='text-wrapper'><span class='title'>Formation<\/span><span class='text'>F\u00e9licitation \u00e0 nos 4 physioth\u00e9rapeutes Claude B\u00e9dard, C\u00e9line Bisson, Joseph Kaldas et Christian Boddaert qui ont compl\u00e9t\u00e9 la formation EXPERT 2.0 de la Clinique du Coureur.<\/span><\/div><\/div><\/a><div class='ftg-social'><\/div><\/div><div  class='tile ftg-preload  '><a title=\"Course \u00e0 pied\" data-lightbox='clinique' rel='clinique'  class=' tile-inner  ftg-lightbox' href='https:\/\/physiodynamik.com\/wp-content\/uploads\/2017\/12\/clinique6-1.jpg' ><img alt='Course \u00e0 pied' class='item' data-class='item' data-ftg-source='https:\/\/physiodynamik.com\/wp-content\/uploads\/2017\/12\/clinique6-1-300x300.jpg' src='https:\/\/physiodynamik.com\/wp-content\/uploads\/2017\/12\/clinique6-1-300x300.jpg' width='auto' height='auto' \/><div class='caption-block'><div class='text-wrapper'><span class='title'>Course \u00e0 pied<\/span><span class='text'>\u00c9valuation course \u00e0 pied<\/span><\/div><\/div><\/a><div class='ftg-social'><\/div><\/div><div  class='tile ftg-preload  '><a title=\"Clinique ext\u00e9rieure\" data-lightbox='clinique' rel='clinique'  class=' tile-inner  ftg-lightbox' href='https:\/\/physiodynamik.com\/wp-content\/uploads\/2017\/12\/consultation4-1.jpg' ><img alt='Clinique ext\u00e9rieure' class='item' data-class='item' data-ftg-source='https:\/\/physiodynamik.com\/wp-content\/uploads\/2017\/12\/consultation4-1-300x300.jpg' src='https:\/\/physiodynamik.com\/wp-content\/uploads\/2017\/12\/consultation4-1-300x300.jpg' width='auto' height='auto' \/><div class='caption-block'><div class='text-wrapper'><span class='title'>Clinique ext\u00e9rieure<\/span><span class='text'>\u00c9valuation gratuite lors d'\u00e9v\u00e9nements sportifs<\/span><\/div><\/div><\/a><div class='ftg-social'><\/div><\/div><div  class='tile ftg-preload  '><a title=\"Explication\" data-lightbox='clinique' rel='clinique'  class=' tile-inner  ftg-lightbox' href='https:\/\/physiodynamik.com\/wp-content\/uploads\/2017\/12\/clinique5-1.jpg' ><img alt='Explication' class='item' data-class='item' data-ftg-source='https:\/\/physiodynamik.com\/wp-content\/uploads\/2017\/12\/clinique5-1-300x300.jpg' src='https:\/\/physiodynamik.com\/wp-content\/uploads\/2017\/12\/clinique5-1-300x300.jpg' width='auto' height='auto' \/><div class='caption-block'><div class='text-wrapper'><span class='title'>Explication<\/span><span class='text'>Explication<\/span><\/div><\/div><\/a><div class='ftg-social'><\/div><\/div><div  class='tile ftg-preload  '><a title=\"Halloween\" data-lightbox='clinique' rel='clinique'  class=' tile-inner  ftg-lightbox' href='https:\/\/physiodynamik.com\/wp-content\/uploads\/2017\/12\/halloween2017-1.jpg' ><img alt='Halloween' class='item' data-class='item' data-ftg-source='https:\/\/physiodynamik.com\/wp-content\/uploads\/2017\/12\/halloween2017-1-300x300.jpg' src='https:\/\/physiodynamik.com\/wp-content\/uploads\/2017\/12\/halloween2017-1-300x300.jpg' width='auto' height='auto' \/><div class='caption-block'><div class='text-wrapper'><span class='title'>Halloween<\/span><span class='text'>L\u2019Halloween est arriv\u00e9 chez Physio Dynamik!<\/span><\/div><\/div><\/a><div class='ftg-social'><\/div><\/div><div  class='tile ftg-preload  '><a title=\"La clinique\" data-lightbox='clinique' rel='clinique'  class=' tile-inner  ftg-lightbox' href='https:\/\/physiodynamik.com\/wp-content\/uploads\/2017\/12\/clinique2-1.jpg' ><img alt='La clinique' class='item' data-class='item' data-ftg-source='https:\/\/physiodynamik.com\/wp-content\/uploads\/2017\/12\/clinique2-1-300x300.jpg' src='https:\/\/physiodynamik.com\/wp-content\/uploads\/2017\/12\/clinique2-1-300x300.jpg' width='auto' height='auto' \/><div class='caption-block'><div class='text-wrapper'><span class='title'>La clinique<\/span><span class='text'>Exercice \u00e0 la clinique<\/span><\/div><\/div><\/a><div class='ftg-social'><\/div><\/div><div  class='tile ftg-preload  '><a title=\"Premier rendez-vous\" data-lightbox='clinique' rel='clinique'  class=' tile-inner  ftg-lightbox' href='https:\/\/physiodynamik.com\/wp-content\/uploads\/2017\/12\/clinique3-1.jpg' ><img alt='Premier rendez-vous' class='item' data-class='item' data-ftg-source='https:\/\/physiodynamik.com\/wp-content\/uploads\/2017\/12\/clinique3-1-300x300.jpg' src='https:\/\/physiodynamik.com\/wp-content\/uploads\/2017\/12\/clinique3-1-300x300.jpg' width='auto' height='auto' \/><div class='caption-block'><div class='text-wrapper'><span class='title'>Premier rendez-vous<\/span><span class='text'>Premier rendez-vous<\/span><\/div><\/div><\/a><div class='ftg-social'><\/div><\/div><div  class='tile ftg-preload  '><a title=\"Course th\u00e9matique\" data-lightbox='clinique' rel='clinique'  class=' tile-inner  ftg-lightbox' href='https:\/\/physiodynamik.com\/wp-content\/uploads\/2017\/12\/course-thematique-1.jpg' ><img alt='Course th\u00e9matique' class='item' data-class='item' data-ftg-source='https:\/\/physiodynamik.com\/wp-content\/uploads\/2017\/12\/course-thematique-1-300x300.jpg' src='https:\/\/physiodynamik.com\/wp-content\/uploads\/2017\/12\/course-thematique-1-300x300.jpg' width='auto' height='auto' \/><div class='caption-block'><div class='text-wrapper'><span class='title'>Course th\u00e9matique<\/span><span class='text'>Course th\u00e9matique<\/span><\/div><\/div><\/a><div class='ftg-social'><\/div><\/div><div  class='tile ftg-preload  '><a title=\"Consultations gratuites\" data-lightbox='clinique' rel='clinique'  class=' tile-inner  ftg-lightbox' href='https:\/\/physiodynamik.com\/wp-content\/uploads\/2017\/12\/consultation2-1.jpg' ><img alt='Consultations gratuites' class='item' data-class='item' data-ftg-source='https:\/\/physiodynamik.com\/wp-content\/uploads\/2017\/12\/consultation2-1-300x300.jpg' src='https:\/\/physiodynamik.com\/wp-content\/uploads\/2017\/12\/consultation2-1-300x300.jpg' width='auto' height='auto' \/><div class='caption-block'><div class='text-wrapper'><span class='title'>Consultations gratuites<\/span><span class='text'>Consultations gratuites<\/span><\/div><\/div><\/a><div class='ftg-social'><\/div><\/div><div  class='tile ftg-preload  '><a title=\"physioD_01-2019-1591\" data-lightbox='clinique' rel='clinique'  class=' tile-inner  ftg-lightbox' href='https:\/\/physiodynamik.com\/wp-content\/uploads\/2019\/02\/physioD_01-2019-1591.jpg' ><img alt='' class='item' data-class='item' data-ftg-source='https:\/\/physiodynamik.com\/wp-content\/uploads\/2019\/02\/physioD_01-2019-1591-610x300.jpg' src='https:\/\/physiodynamik.com\/wp-content\/uploads\/2019\/02\/physioD_01-2019-1591-610x300.jpg' width='610' height='300' \/><div class='caption-block'><div class='text-wrapper'><span class='title'>physioD_01-2019-1591<\/span><\/div><\/div><\/a><div class='ftg-social'><\/div><\/div><\/div><\/div><script type='text\/javascript'>jQuery('#ftg-33 img.item').removeAttr('src');jQuery(document).ready(function () {setTimeout(function () {jQuery('#ftg-33').finalTilesGallery({minTileWidth: 250,margin: 10,loadMethod: 'sequential',nonce: 'e1e6479eff',galleryId: '3',setupFilters: true,layout: 'columns',debug: false,gridSize: 25,disableGridSizeBelow: 800,allowEnlargement: true,columns: [[4000, 4],[1024, 4],[800, 3],[480, 3],[320, 2]],selectedFilter: 'n-a'});jQuery(function () {(function () {var rel = '';jQuery('#ftg-33 .ftg-lightbox').click(function (e) {rel = jQuery(this).attr('rel');jQuery('#ftg-33 .ftg-current').removeClass('ftg-current');jQuery('#ftg-33 [rel=\"'+rel+'\"]').addClass('ftg-current');});})();});}, 0);});<\/script>\n","protected":false},"excerpt":{"rendered":"<p> [&#8230;]<\/p>\n<p><a class=\"btn btn-secondary understrap-read-more-link\" href=\"https:\/\/physiodynamik.com\/en\/the-clinic-2\/\">Read More&#8230;<span class=\"screen-reader-text\"> from The Clinic<\/span><\/a><\/p>\n","protected":false},"author":5,"featured_media":0,"parent":0,"menu_order":0,"comment_status":"closed","ping_status":"closed","template":"page-templates\/fullwidthpage.php","meta":{"_acf_changed":false,"footnotes":""},"class_list":["post-471","page","type-page","status-publish","hentry"],"acf":[],"_links":{"self":[{"href":"https:\/\/physiodynamik.com\/en\/wp-json\/wp\/v2\/pages\/471","targetHints":{"allow":["GET"]}}],"collection":[{"href":"https:\/\/physiodynamik.com\/en\/wp-json\/wp\/v2\/pages"}],"about":[{"href":"https:\/\/physiodynamik.com\/en\/wp-json\/wp\/v2\/types\/page"}],"author":[{"embeddable":true,"href":"https:\/\/physiodynamik.com\/en\/wp-json\/wp\/v2\/users\/5"}],"replies":[{"embeddable":true,"href":"https:\/\/physiodynamik.com\/en\/wp-json\/wp\/v2\/comments?post=471"}],"version-history":[{"count":0,"href":"https:\/\/physiodynamik.com\/en\/wp-json\/wp\/v2\/pages\/471\/revisions"}],"wp:attachment":[{"href":"https:\/\/physiodynamik.com\/en\/wp-json\/wp\/v2\/media?parent=471"}],"curies":[{"name":"wp","href":"https:\/\/api.w.org\/{rel}","templated":true}]}}